{"id":1000,"date":"2019-12-16T12:37:50","date_gmt":"2019-12-16T16:37:50","guid":{"rendered":"http:\/\/medret.wpengine.com\/prenez-rendez-vous\/"},"modified":"2019-12-19T15:42:39","modified_gmt":"2019-12-19T19:42:39","slug":"prenez-rendez-vous","status":"publish","type":"page","link":"https:\/\/www.medret.ca\/fr\/prenez-rendez-vous\/","title":{"rendered":"Prenez rendez-vous"},"content":{"rendered":"\t\t<div data-elementor-type=\"wp-post\" data-elementor-id=\"1000\" class=\"elementor elementor-1000 elementor-380\" data-elementor-post-type=\"page\">\n\t\t\t\t\t\t<section class=\"elementor-section elementor-top-section elementor-element elementor-element-31dcee9 elementor-section-boxed elementor-section-height-default elementor-section-height-default\" data-id=\"31dcee9\" data-element_type=\"section\" data-e-type=\"section\" data-settings=\"{&quot;background_background&quot;:&quot;classic&quot;}\">\n\t\t\t\t\t\t<div class=\"elementor-container elementor-column-gap-default\">\n\t\t\t\t\t<div class=\"elementor-column elementor-col-100 elementor-top-column elementor-element elementor-element-45ffd0f\" data-id=\"45ffd0f\" data-element_type=\"column\" data-e-type=\"column\">\n\t\t\t<div class=\"elementor-widget-wrap elementor-element-populated\">\n\t\t\t\t\t\t<section class=\"elementor-section elementor-inner-section elementor-element elementor-element-415fbc6 elementor-section-boxed elementor-section-height-default elementor-section-height-default\" data-id=\"415fbc6\" data-element_type=\"section\" data-e-type=\"section\">\n\t\t\t\t\t\t<div class=\"elementor-container elementor-column-gap-default\">\n\t\t\t\t\t<div class=\"elementor-column elementor-col-100 elementor-inner-column elementor-element elementor-element-3b7e827\" data-id=\"3b7e827\" data-element_type=\"column\" data-e-type=\"column\">\n\t\t\t<div class=\"elementor-widget-wrap elementor-element-populated\">\n\t\t\t\t\t\t<div class=\"elementor-element elementor-element-eae7052 elementor-widget elementor-widget-heading\" data-id=\"eae7052\" data-element_type=\"widget\" data-e-type=\"widget\" data-widget_type=\"heading.default\">\n\t\t\t\t<div class=\"elementor-widget-container\">\n\t\t\t\t\t<h2 class=\"elementor-heading-title elementor-size-default\">Prenez rendez-vous<\/h2>\t\t\t\t<\/div>\n\t\t\t\t<\/div>\n\t\t\t\t\t<\/div>\n\t\t<\/div>\n\t\t\t\t\t<\/div>\n\t\t<\/section>\n\t\t\t\t\t<\/div>\n\t\t<\/div>\n\t\t\t\t\t<\/div>\n\t\t<\/section>\n\t\t\t\t<section class=\"elementor-section elementor-top-section elementor-element elementor-element-d2311ca elementor-section-boxed elementor-section-height-default elementor-section-height-default\" data-id=\"d2311ca\" data-element_type=\"section\" data-e-type=\"section\">\n\t\t\t\t\t\t<div class=\"elementor-container elementor-column-gap-default\">\n\t\t\t\t\t<div class=\"elementor-column elementor-col-100 elementor-top-column elementor-element elementor-element-afbdef2\" data-id=\"afbdef2\" data-element_type=\"column\" data-e-type=\"column\">\n\t\t\t<div class=\"elementor-widget-wrap elementor-element-populated\">\n\t\t\t\t\t\t<div class=\"elementor-element elementor-element-770c2576 elementor-widget elementor-widget-heading\" data-id=\"770c2576\" data-element_type=\"widget\" data-e-type=\"widget\" data-widget_type=\"heading.default\">\n\t\t\t\t<div class=\"elementor-widget-container\">\n\t\t\t\t\t<h2 class=\"elementor-heading-title elementor-size-default\">Veuillez s&eacute;lectionner l&rsquo;option ad&eacute;quate<\/h2>\t\t\t\t<\/div>\n\t\t\t\t<\/div>\n\t\t\t\t\t<\/div>\n\t\t<\/div>\n\t\t\t\t\t<\/div>\n\t\t<\/section>\n\t\t\t\t<section class=\"elementor-section elementor-top-section elementor-element elementor-element-2eac3b59 elementor-section-content-middle elementor-section-boxed elementor-section-height-default elementor-section-height-default\" data-id=\"2eac3b59\" data-element_type=\"section\" data-e-type=\"section\">\n\t\t\t\t\t\t<div class=\"elementor-container elementor-column-gap-wide\">\n\t\t\t\t\t<div class=\"elementor-column elementor-col-100 elementor-top-column elementor-element elementor-element-17a32f5a\" data-id=\"17a32f5a\" data-element_type=\"column\" data-e-type=\"column\">\n\t\t\t<div class=\"elementor-widget-wrap elementor-element-populated\">\n\t\t\t\t\t\t<section class=\"elementor-section elementor-inner-section elementor-element elementor-element-3c6b6cf elementor-section-content-middle elementor-section-boxed elementor-section-height-default elementor-section-height-default\" data-id=\"3c6b6cf\" data-element_type=\"section\" data-e-type=\"section\">\n\t\t\t\t\t\t<div class=\"elementor-container elementor-column-gap-wide\">\n\t\t\t\t\t<div class=\"elementor-column elementor-col-33 elementor-inner-column elementor-element elementor-element-a9933ab\" data-id=\"a9933ab\" data-element_type=\"column\" data-e-type=\"column\" data-settings=\"{&quot;background_background&quot;:&quot;classic&quot;}\">\n\t\t\t<div class=\"elementor-widget-wrap elementor-element-populated\">\n\t\t\t\t\t\t<div class=\"elementor-element elementor-element-3b8ca013 elementor-widget elementor-widget-heading\" data-id=\"3b8ca013\" data-element_type=\"widget\" data-e-type=\"widget\" data-widget_type=\"heading.default\">\n\t\t\t\t<div class=\"elementor-widget-container\">\n\t\t\t\t\t<h2 class=\"elementor-heading-title elementor-size-default\">Je suis un nouveau patient et je <span style=\"text-decoration:underline\">n&rsquo;ai pas<\/span> de r&eacute;f&eacute;rent<\/h2>\t\t\t\t<\/div>\n\t\t\t\t<\/div>\n\t\t\t\t<div class=\"elementor-element elementor-element-38ab7a0 elementor-align-center elementor-widget elementor-widget-button\" data-id=\"38ab7a0\" data-element_type=\"widget\" data-e-type=\"widget\" data-widget_type=\"button.default\">\n\t\t\t\t<div class=\"elementor-widget-container\">\n\t\t\t\t\t\t\t\t\t<div class=\"elementor-button-wrapper\">\n\t\t\t\t\t<a class=\"elementor-button elementor-button-link elementor-size-sm\" href=\"https:\/\/www.medret.ca\/\/fr\/rendez-vous-service-optometrie\">\n\t\t\t\t\t\t<span class=\"elementor-button-content-wrapper\">\n\t\t\t\t\t\t\t\t\t<span class=\"elementor-button-text\">Prenez rendez-vous<\/span>\n\t\t\t\t\t<\/span>\n\t\t\t\t\t<\/a>\n\t\t\t\t<\/div>\n\t\t\t\t\t\t\t\t<\/div>\n\t\t\t\t<\/div>\n\t\t\t\t\t<\/div>\n\t\t<\/div>\n\t\t\t\t<div class=\"elementor-column elementor-col-33 elementor-inner-column elementor-element elementor-element-39ec87c\" data-id=\"39ec87c\" data-element_type=\"column\" data-e-type=\"column\" data-settings=\"{&quot;background_background&quot;:&quot;classic&quot;}\">\n\t\t\t<div class=\"elementor-widget-wrap elementor-element-populated\">\n\t\t\t\t\t\t<div class=\"elementor-element elementor-element-a15aacb elementor-widget elementor-widget-heading\" data-id=\"a15aacb\" data-element_type=\"widget\" data-e-type=\"widget\" data-widget_type=\"heading.default\">\n\t\t\t\t<div class=\"elementor-widget-container\">\n\t\t\t\t\t<h2 class=\"elementor-heading-title elementor-size-default\">Je suis un nouveau patient et j&rsquo;<span style=\"text-decoration:underline\">ai<\/span> un r&eacute;f&eacute;rent<\/h2>\t\t\t\t<\/div>\n\t\t\t\t<\/div>\n\t\t\t\t<div class=\"elementor-element elementor-element-7538837 elementor-align-center elementor-widget elementor-widget-button\" data-id=\"7538837\" data-element_type=\"widget\" data-e-type=\"widget\" data-widget_type=\"button.default\">\n\t\t\t\t<div class=\"elementor-widget-container\">\n\t\t\t\t\t\t\t\t\t<div class=\"elementor-button-wrapper\">\n\t\t\t\t\t<a class=\"elementor-button elementor-button-link elementor-size-sm\" href=\"https:\/\/www.medret.ca\/\/fr\/rendez-vous-nouveaux-patients\">\n\t\t\t\t\t\t<span class=\"elementor-button-content-wrapper\">\n\t\t\t\t\t\t\t\t\t<span class=\"elementor-button-text\">Prenez rendez-vous<\/span>\n\t\t\t\t\t<\/span>\n\t\t\t\t\t<\/a>\n\t\t\t\t<\/div>\n\t\t\t\t\t\t\t\t<\/div>\n\t\t\t\t<\/div>\n\t\t\t\t\t<\/div>\n\t\t<\/div>\n\t\t\t\t<div class=\"elementor-column elementor-col-33 elementor-inner-column elementor-element elementor-element-710d35c\" data-id=\"710d35c\" data-element_type=\"column\" data-e-type=\"column\" data-settings=\"{&quot;background_background&quot;:&quot;classic&quot;}\">\n\t\t\t<div class=\"elementor-widget-wrap elementor-element-populated\">\n\t\t\t\t\t\t<div class=\"elementor-element elementor-element-204e60e elementor-widget elementor-widget-heading\" data-id=\"204e60e\" data-element_type=\"widget\" data-e-type=\"widget\" data-widget_type=\"heading.default\">\n\t\t\t\t<div class=\"elementor-widget-container\">\n\t\t\t\t\t<h2 class=\"elementor-heading-title elementor-size-default\">Je suis d&eacute;j&agrave; un patient de l&rsquo;institut<\/h2>\t\t\t\t<\/div>\n\t\t\t\t<\/div>\n\t\t\t\t<div class=\"elementor-element elementor-element-b8fcc3c elementor-align-center elementor-widget elementor-widget-button\" data-id=\"b8fcc3c\" data-element_type=\"widget\" data-e-type=\"widget\" data-widget_type=\"button.default\">\n\t\t\t\t<div class=\"elementor-widget-container\">\n\t\t\t\t\t\t\t\t\t<div class=\"elementor-button-wrapper\">\n\t\t\t\t\t<a class=\"elementor-button elementor-button-link elementor-size-sm\" href=\"https:\/\/www.medret.ca\/\/fr\/rendez-vous-patients-institut\">\n\t\t\t\t\t\t<span class=\"elementor-button-content-wrapper\">\n\t\t\t\t\t\t\t\t\t<span class=\"elementor-button-text\">Prenez rendez-vous<\/span>\n\t\t\t\t\t<\/span>\n\t\t\t\t\t<\/a>\n\t\t\t\t<\/div>\n\t\t\t\t\t\t\t\t<\/div>\n\t\t\t\t<\/div>\n\t\t\t\t\t<\/div>\n\t\t<\/div>\n\t\t\t\t\t<\/div>\n\t\t<\/section>\n\t\t\t\t\t<\/div>\n\t\t<\/div>\n\t\t\t\t\t<\/div>\n\t\t<\/section>\n\t\t\t\t<\/div>\n\t\t","protected":false},"excerpt":{"rendered":"<p>Prenez rendez-vous Veuillez s&eacute;lectionner l&rsquo;option ad&eacute;quate Je suis un nouveau patient et je n&rsquo;ai pas de r&eacute;f&eacute;rent Prenez rendez-vous Je suis un nouveau patient et j&rsquo;ai un r&eacute;f&eacute;rent Prenez rendez-vous Je suis d&eacute;j&agrave; un patient de l&rsquo;institut Prenez rendez-vous<\/p>\n","protected":false},"author":6,"featured_media":0,"parent":0,"menu_order":0,"comment_status":"closed","ping_status":"closed","template":"","meta":{"site-sidebar-layout":"no-sidebar","site-content-layout":"page-builder","ast-site-content-layout":"default","site-content-style":"default","site-sidebar-style":"default","ast-global-header-display":"","ast-banner-title-visibility":"","ast-main-header-display":"","ast-hfb-above-header-display":"","ast-hfb-below-header-display":"","ast-hfb-mobile-header-display":"","site-post-title":"disabled","ast-breadcrumbs-content":"","ast-featured-img":"disabled","footer-sml-layout":"","ast-disable-related-posts":"","theme-transparent-header-meta":"default","adv-header-id-meta":"","stick-header-meta":"default","header-above-stick-meta":"","header-main-stick-meta":"","header-below-stick-meta":"","astra-migrate-meta-layouts":"default","ast-page-background-enabled":"default","ast-page-background-meta":{"desktop":{"background-color":"","background-image":"","background-repeat":"repeat","background-position":"center center","background-size":"auto","background-attachment":"scroll","background-type":"","background-media":"","overlay-type":"","overlay-color":"","overlay-opacity":"","overlay-gradient":""},"tablet":{"background-color":"","background-image":"","background-repeat":"repeat","background-position":"center center","background-size":"auto","background-attachment":"scroll","background-type":"","background-media":"","overlay-type":"","overlay-color":"","overlay-opacity":"","overlay-gradient":""},"mobile":{"background-color":"","background-image":"","background-repeat":"repeat","background-position":"center center","background-size":"auto","background-attachment":"scroll","background-type":"","background-media":"","overlay-type":"","overlay-color":"","overlay-opacity":"","overlay-gradient":""}},"ast-content-background-meta":{"desktop":{"background-color":"var(--ast-global-color-5)","background-image":"","background-repeat":"repeat","background-position":"center center","background-size":"auto","background-attachment":"scroll","background-type":"","background-media":"","overlay-type":"","overlay-color":"","overlay-opacity":"","overlay-gradient":""},"tablet":{"background-color":"var(--ast-global-color-5)","background-image":"","background-repeat":"repeat","background-position":"center center","background-size":"auto","background-attachment":"scroll","background-type":"","background-media":"","overlay-type":"","overlay-color":"","overlay-opacity":"","overlay-gradient":""},"mobile":{"background-color":"var(--ast-global-color-5)","background-image":"","background-repeat":"repeat","background-position":"center center","background-size":"auto","background-attachment":"scroll","background-type":"","background-media":"","overlay-type":"","overlay-color":"","overlay-opacity":"","overlay-gradient":""}},"footnotes":""},"wf_page_folders":[33],"class_list":["post-1000","page","type-page","status-publish","hentry"],"yoast_head":"<!-- This site is optimized with the Yoast SEO Premium plugin v27.4 (Yoast SEO v27.5) - https:\/\/yoast.com\/product\/yoast-seo-premium-wordpress\/ -->\n<title>Prenez rendez-vous - Medical Retina Institute of Montreal<\/title>\n<meta name=\"robots\" content=\"index, follow, max-snippet:-1, max-image-preview:large, max-video-preview:-1\" \/>\n<link rel=\"canonical\" href=\"https:\/\/www.medret.ca\/fr\/prenez-rendez-vous\/\" \/>\n<meta property=\"og:locale\" content=\"fr_FR\" \/>\n<meta property=\"og:type\" content=\"article\" \/>\n<meta property=\"og:title\" content=\"Prenez rendez-vous\" \/>\n<meta property=\"og:description\" content=\"Prenez rendez-vous Veuillez s&eacute;lectionner l&rsquo;option ad&eacute;quate Je suis un nouveau patient et je n&rsquo;ai pas de r&eacute;f&eacute;rent Prenez rendez-vous Je suis un nouveau patient et j&rsquo;ai un r&eacute;f&eacute;rent Prenez rendez-vous Je suis d&eacute;j&agrave; un patient de l&rsquo;institut Prenez rendez-vous\" \/>\n<meta property=\"og:url\" content=\"https:\/\/www.medret.ca\/fr\/prenez-rendez-vous\/\" \/>\n<meta property=\"og:site_name\" content=\"Medical Retina Institute of Montreal\" \/>\n<meta property=\"article:publisher\" content=\"https:\/\/www.facebook.com\/pages\/category\/Medical-Research-Center\/Institut-de-la-Rtine-Mdicale-Montral-1062986800571704\/\" \/>\n<meta property=\"article:modified_time\" content=\"2019-12-19T19:42:39+00:00\" \/>\n<meta name=\"twitter:card\" content=\"summary_large_image\" \/>\n<meta name=\"twitter:site\" content=\"@medretpost\" \/>\n<script type=\"application\/ld+json\" class=\"yoast-schema-graph\">{\"@context\":\"https:\\\/\\\/schema.org\",\"@graph\":[{\"@type\":\"WebPage\",\"@id\":\"https:\\\/\\\/www.medret.ca\\\/fr\\\/prenez-rendez-vous\\\/\",\"url\":\"https:\\\/\\\/www.medret.ca\\\/fr\\\/prenez-rendez-vous\\\/\",\"name\":\"Prenez rendez-vous - Medical Retina Institute of Montreal\",\"isPartOf\":{\"@id\":\"https:\\\/\\\/www.medret.ca\\\/fr\\\/#website\"},\"datePublished\":\"2019-12-16T16:37:50+00:00\",\"dateModified\":\"2019-12-19T19:42:39+00:00\",\"breadcrumb\":{\"@id\":\"https:\\\/\\\/www.medret.ca\\\/fr\\\/prenez-rendez-vous\\\/#breadcrumb\"},\"inLanguage\":\"fr-FR\",\"potentialAction\":[{\"@type\":\"ReadAction\",\"target\":[\"https:\\\/\\\/www.medret.ca\\\/fr\\\/prenez-rendez-vous\\\/\"]}]},{\"@type\":\"BreadcrumbList\",\"@id\":\"https:\\\/\\\/www.medret.ca\\\/fr\\\/prenez-rendez-vous\\\/#breadcrumb\",\"itemListElement\":[{\"@type\":\"ListItem\",\"position\":1,\"name\":\"Home\",\"item\":\"https:\\\/\\\/www.medret.ca\\\/fr\\\/\"},{\"@type\":\"ListItem\",\"position\":2,\"name\":\"Prenez rendez-vous\"}]},{\"@type\":\"WebSite\",\"@id\":\"https:\\\/\\\/www.medret.ca\\\/fr\\\/#website\",\"url\":\"https:\\\/\\\/www.medret.ca\\\/fr\\\/\",\"name\":\"Medical Retina Institute of Montreal\",\"description\":\"\",\"publisher\":{\"@id\":\"https:\\\/\\\/www.medret.ca\\\/fr\\\/#organization\"},\"potentialAction\":[{\"@type\":\"SearchAction\",\"target\":{\"@type\":\"EntryPoint\",\"urlTemplate\":\"https:\\\/\\\/www.medret.ca\\\/fr\\\/?s={search_term_string}\"},\"query-input\":{\"@type\":\"PropertyValueSpecification\",\"valueRequired\":true,\"valueName\":\"search_term_string\"}}],\"inLanguage\":\"fr-FR\"},{\"@type\":\"Organization\",\"@id\":\"https:\\\/\\\/www.medret.ca\\\/fr\\\/#organization\",\"name\":\"Institut de la R\u00e9tine M\u00e9dicale de Montr\u00e9al\",\"url\":\"https:\\\/\\\/www.medret.ca\\\/fr\\\/\",\"logo\":{\"@type\":\"ImageObject\",\"inLanguage\":\"fr-FR\",\"@id\":\"https:\\\/\\\/www.medret.ca\\\/fr\\\/#\\\/schema\\\/logo\\\/image\\\/\",\"url\":\"https:\\\/\\\/www.medret.ca\\\/wp-content\\\/uploads\\\/2019\\\/09\\\/Institut-Re\u0301tine-Me\u0301dicale-logo-short.png\",\"contentUrl\":\"https:\\\/\\\/www.medret.ca\\\/wp-content\\\/uploads\\\/2019\\\/09\\\/Institut-Re\u0301tine-Me\u0301dicale-logo-short.png\",\"width\":1200,\"height\":247,\"caption\":\"Institut de la R\u00e9tine M\u00e9dicale de Montr\u00e9al\"},\"image\":{\"@id\":\"https:\\\/\\\/www.medret.ca\\\/fr\\\/#\\\/schema\\\/logo\\\/image\\\/\"},\"sameAs\":[\"https:\\\/\\\/www.facebook.com\\\/pages\\\/category\\\/Medical-Research-Center\\\/Institut-de-la-Rtine-Mdicale-Montral-1062986800571704\\\/\",\"https:\\\/\\\/x.com\\\/medretpost\",\"https:\\\/\\\/ca.linkedin.com\\\/company\\\/institut-de-la-retine-medicale-montreal\"]}]}<\/script>\n<!-- \/ Yoast SEO Premium plugin. -->","yoast_head_json":{"title":"Prenez rendez-vous - Medical Retina Institute of Montreal","robots":{"index":"index","follow":"follow","max-snippet":"max-snippet:-1","max-image-preview":"max-image-preview:large","max-video-preview":"max-video-preview:-1"},"canonical":"https:\/\/www.medret.ca\/fr\/prenez-rendez-vous\/","og_locale":"fr_FR","og_type":"article","og_title":"Prenez rendez-vous","og_description":"Prenez rendez-vous Veuillez s&eacute;lectionner l&rsquo;option ad&eacute;quate Je suis un nouveau patient et je n&rsquo;ai pas de r&eacute;f&eacute;rent Prenez rendez-vous Je suis un nouveau patient et j&rsquo;ai un r&eacute;f&eacute;rent Prenez rendez-vous Je suis d&eacute;j&agrave; un patient de l&rsquo;institut Prenez rendez-vous","og_url":"https:\/\/www.medret.ca\/fr\/prenez-rendez-vous\/","og_site_name":"Medical Retina Institute of Montreal","article_publisher":"https:\/\/www.facebook.com\/pages\/category\/Medical-Research-Center\/Institut-de-la-Rtine-Mdicale-Montral-1062986800571704\/","article_modified_time":"2019-12-19T19:42:39+00:00","twitter_card":"summary_large_image","twitter_site":"@medretpost","schema":{"@context":"https:\/\/schema.org","@graph":[{"@type":"WebPage","@id":"https:\/\/www.medret.ca\/fr\/prenez-rendez-vous\/","url":"https:\/\/www.medret.ca\/fr\/prenez-rendez-vous\/","name":"Prenez rendez-vous - Medical Retina Institute of Montreal","isPartOf":{"@id":"https:\/\/www.medret.ca\/fr\/#website"},"datePublished":"2019-12-16T16:37:50+00:00","dateModified":"2019-12-19T19:42:39+00:00","breadcrumb":{"@id":"https:\/\/www.medret.ca\/fr\/prenez-rendez-vous\/#breadcrumb"},"inLanguage":"fr-FR","potentialAction":[{"@type":"ReadAction","target":["https:\/\/www.medret.ca\/fr\/prenez-rendez-vous\/"]}]},{"@type":"BreadcrumbList","@id":"https:\/\/www.medret.ca\/fr\/prenez-rendez-vous\/#breadcrumb","itemListElement":[{"@type":"ListItem","position":1,"name":"Home","item":"https:\/\/www.medret.ca\/fr\/"},{"@type":"ListItem","position":2,"name":"Prenez rendez-vous"}]},{"@type":"WebSite","@id":"https:\/\/www.medret.ca\/fr\/#website","url":"https:\/\/www.medret.ca\/fr\/","name":"Medical Retina Institute of Montreal","description":"","publisher":{"@id":"https:\/\/www.medret.ca\/fr\/#organization"},"potentialAction":[{"@type":"SearchAction","target":{"@type":"EntryPoint","urlTemplate":"https:\/\/www.medret.ca\/fr\/?s={search_term_string}"},"query-input":{"@type":"PropertyValueSpecification","valueRequired":true,"valueName":"search_term_string"}}],"inLanguage":"fr-FR"},{"@type":"Organization","@id":"https:\/\/www.medret.ca\/fr\/#organization","name":"Institut de la R\u00e9tine M\u00e9dicale de Montr\u00e9al","url":"https:\/\/www.medret.ca\/fr\/","logo":{"@type":"ImageObject","inLanguage":"fr-FR","@id":"https:\/\/www.medret.ca\/fr\/#\/schema\/logo\/image\/","url":"https:\/\/www.medret.ca\/wp-content\/uploads\/2019\/09\/Institut-Re\u0301tine-Me\u0301dicale-logo-short.png","contentUrl":"https:\/\/www.medret.ca\/wp-content\/uploads\/2019\/09\/Institut-Re\u0301tine-Me\u0301dicale-logo-short.png","width":1200,"height":247,"caption":"Institut de la R\u00e9tine M\u00e9dicale de Montr\u00e9al"},"image":{"@id":"https:\/\/www.medret.ca\/fr\/#\/schema\/logo\/image\/"},"sameAs":["https:\/\/www.facebook.com\/pages\/category\/Medical-Research-Center\/Institut-de-la-Rtine-Mdicale-Montral-1062986800571704\/","https:\/\/x.com\/medretpost","https:\/\/ca.linkedin.com\/company\/institut-de-la-retine-medicale-montreal"]}]}},"_links":{"self":[{"href":"https:\/\/www.medret.ca\/fr\/wp-json\/wp\/v2\/pages\/1000","targetHints":{"allow":["GET"]}}],"collection":[{"href":"https:\/\/www.medret.ca\/fr\/wp-json\/wp\/v2\/pages"}],"about":[{"href":"https:\/\/www.medret.ca\/fr\/wp-json\/wp\/v2\/types\/page"}],"author":[{"embeddable":true,"href":"https:\/\/www.medret.ca\/fr\/wp-json\/wp\/v2\/users\/6"}],"replies":[{"embeddable":true,"href":"https:\/\/www.medret.ca\/fr\/wp-json\/wp\/v2\/comments?post=1000"}],"version-history":[{"count":0,"href":"https:\/\/www.medret.ca\/fr\/wp-json\/wp\/v2\/pages\/1000\/revisions"}],"wp:attachment":[{"href":"https:\/\/www.medret.ca\/fr\/wp-json\/wp\/v2\/media?parent=1000"}],"wp:term":[{"taxonomy":"wf_page_folders","embeddable":true,"href":"https:\/\/www.medret.ca\/fr\/wp-json\/wp\/v2\/wf_page_folders?post=1000"}],"curies":[{"name":"wp","href":"https:\/\/api.w.org\/{rel}","templated":true}]}}