{"id":988,"date":"2019-12-16T12:34:49","date_gmt":"2019-12-16T16:34:49","guid":{"rendered":"http:\/\/medret.wpengine.com\/amer-omar\/"},"modified":"2019-12-18T15:45:26","modified_gmt":"2019-12-18T19:45:26","slug":"amer-omar","status":"publish","type":"page","link":"https:\/\/www.medret.ca\/fr\/amer-omar\/","title":{"rendered":"Amer Omar"},"content":{"rendered":"\t\t<div data-elementor-type=\"wp-post\" data-elementor-id=\"988\" class=\"elementor elementor-988 elementor-367\" data-elementor-post-type=\"page\">\n\t\t\t\t\t\t<section class=\"elementor-section elementor-top-section elementor-element elementor-element-395e847d elementor-section-content-middle elementor-section-stretched elementor-section-full_width section-first elementor-section-height-default elementor-section-height-default\" data-id=\"395e847d\" data-element_type=\"section\" data-e-type=\"section\" data-settings=\"{&quot;stretch_section&quot;:&quot;section-stretched&quot;}\">\n\t\t\t\t\t\t<div class=\"elementor-container elementor-column-gap-default\">\n\t\t\t\t\t<div class=\"elementor-column elementor-col-50 elementor-top-column elementor-element elementor-element-1d6b95ed\" data-id=\"1d6b95ed\" data-element_type=\"column\" data-e-type=\"column\">\n\t\t\t<div class=\"elementor-widget-wrap elementor-element-populated\">\n\t\t\t\t\t\t<div class=\"elementor-element elementor-element-ad00a5e eael-team-align-centered elementor-widget elementor-widget-eael-team-member\" data-id=\"ad00a5e\" data-element_type=\"widget\" data-e-type=\"widget\" data-widget_type=\"eael-team-member.default\">\n\t\t\t\t<div class=\"elementor-widget-container\">\n\t\t\t\t\t\n\n\t<div id=\"eael-team-member-ad00a5e\" class=\"eael-team-item eael-team-members-simple \">\n\t\t<div class=\"eael-team-item-inner\">\n\t\t\t<div class=\"eael-team-image\">\n\t\t\t\t<figure>\n\t\t\t\t\t\t\t\t\t\t<img decoding=\"async\" src=\"https:\/\/www.medret.ca\/wp-content\/uploads\/2019\/10\/amer-omar-e1586206317609.jpg\" alt=\"\">\n\t\t\t\t\t\t\t\t\t<\/figure>\n\t\t\t\t\n\t\t\t\t\n\t\t\t<\/div>\n\n\t\t\t<div class=\"eael-team-content\">\n\t\t\t\t<h2 class=\"eael-team-member-name\">Dr&nbsp;Amer Omar<\/h2><h3 class=\"eael-team-member-position\">Ophtalmologue<\/h3>\n\t\t\t\t\t\t\t\t\t\t\t\t\t\t<p class=\"eael-team-text\">B.\u00a0Sc. M.\u00a0D.\u00a0-\u00a0certificat du Coll\u00e8ge des m\u00e9decins de famille du Canada (CCFP) et associ\u00e9 du Coll\u00e8ge royal des chirurgiens du Canada (FRCSC)<\/p>\n\t\t\t\t\t\t\t<\/div>\n\t\t<\/div>\n\t<\/div>\n\t\t\t\t\t<\/div>\n\t\t\t\t<\/div>\n\t\t\t\t\t<\/div>\n\t\t<\/div>\n\t\t\t\t<div class=\"elementor-column elementor-col-50 elementor-top-column elementor-element elementor-element-77571764\" data-id=\"77571764\" data-element_type=\"column\" data-e-type=\"column\" data-settings=\"{&quot;background_background&quot;:&quot;classic&quot;}\">\n\t\t\t<div class=\"elementor-widget-wrap elementor-element-populated\">\n\t\t\t\t\t\t<section class=\"elementor-section elementor-inner-section elementor-element elementor-element-c2ac44d elementor-section-boxed elementor-section-height-default elementor-section-height-default\" data-id=\"c2ac44d\" data-element_type=\"section\" data-e-type=\"section\">\n\t\t\t\t\t\t<div class=\"elementor-container elementor-column-gap-default\">\n\t\t\t\t\t<div class=\"elementor-column elementor-col-100 elementor-inner-column elementor-element elementor-element-d354d37\" data-id=\"d354d37\" data-element_type=\"column\" data-e-type=\"column\">\n\t\t\t<div class=\"elementor-widget-wrap elementor-element-populated\">\n\t\t\t\t\t\t<div class=\"elementor-element elementor-element-d8b41c9 elementor-widget elementor-widget-text-editor\" data-id=\"d8b41c9\" data-element_type=\"widget\" data-e-type=\"widget\" data-widget_type=\"text-editor.default\">\n\t\t\t\t<div class=\"elementor-widget-container\">\n\t\t\t\t\t\t\t\t\t<p><strong>Le Dr\u00a0Amer Omar<\/strong> est revenu \u00e0 Montr\u00e9al apr\u00e8s avoir exerc\u00e9 le m\u00e9tier d\u2019ophtalmologue-consultant au Moorfields Eye Hospital, un h\u00f4pital de renomm\u00e9e internationale situ\u00e9 au Royaume-Uni. Le Dr\u00a0Omar est un expert reconnu dans le diagnostic et la prise en charge de la r\u00e9tinopathie diab\u00e9tique, la d\u00e9g\u00e9n\u00e9rescence maculaire li\u00e9e \u00e0 l&rsquo;\u00e2ge, la maladie vasculaire r\u00e9tinienne, l\u2019uv\u00e9ite du segment post\u00e9rieur et des maladies oculaires g\u00e9n\u00e9tiques.<\/p>\n<p>Le Dr\u00a0Omar est un dipl\u00f4m\u00e9 en m\u00e9decine de la Queen\u2019s University. Il est titulaire d\u2019une double certification en ophtalmologie et m\u00e9decine familiale. En effet, il a suivi une formation dans ces deux sp\u00e9cialit\u00e9s \u00e0 la McGill University. Il a ensuite suivi, au Royaume-Uni, une formation financ\u00e9e par une bourse pour se sp\u00e9cialiser dans la r\u00e9tine m\u00e9dicale. Le Dr\u00a0Omar a remport\u00e9 de nombreuses r\u00e9compenses dont le prix des professeurs en otorhinolaryngologie de la Queen\u2019s University et le prix du chercheur r\u00e9sident de la McGill University deux ann\u00e9es cons\u00e9cutives. Il a \u00e9galement re\u00e7u une bourse de la part de l\u2019INCA (connu auparavant sous le nom d\u2019Institut national canadien pour les aveugles). Il a r\u00e9dig\u00e9 plusieurs articles \u00e9valu\u00e9s par ses pairs sur diff\u00e9rents sujets, notamment sur la pathophysiologie de l\u2019\u00e9pilepsie temporale, la g\u00e9n\u00e9tique de la d\u00e9g\u00e9n\u00e9rescence maculaire li\u00e9e \u00e0 l\u2019\u00e2ge et les dystrophies h\u00e9r\u00e9ditaires des photor\u00e9cepteurs.<\/p>\n\t\t\t\t\t\t\t\t<\/div>\n\t\t\t\t<\/div>\n\t\t\t\t\t<\/div>\n\t\t<\/div>\n\t\t\t\t\t<\/div>\n\t\t<\/section>\n\t\t\t\t\t<\/div>\n\t\t<\/div>\n\t\t\t\t\t<\/div>\n\t\t<\/section>\n\t\t\t\t<section class=\"elementor-section elementor-top-section elementor-element elementor-element-2236e264 elementor-section-boxed elementor-section-height-default elementor-section-height-default\" data-id=\"2236e264\" data-element_type=\"section\" data-e-type=\"section\" data-settings=\"{&quot;background_background&quot;:&quot;classic&quot;}\">\n\t\t\t\t\t\t<div class=\"elementor-container elementor-column-gap-default\">\n\t\t\t\t\t<div class=\"elementor-column elementor-col-100 elementor-top-column elementor-element elementor-element-61aa3da\" data-id=\"61aa3da\" data-element_type=\"column\" data-e-type=\"column\">\n\t\t\t<div class=\"elementor-widget-wrap elementor-element-populated\">\n\t\t\t\t\t\t<section class=\"elementor-section elementor-inner-section elementor-element elementor-element-2f24aaaf elementor-section-height-min-height elementor-section-content-middle elementor-section-boxed elementor-section-height-default\" data-id=\"2f24aaaf\" data-element_type=\"section\" data-e-type=\"section\" data-settings=\"{&quot;background_background&quot;:&quot;classic&quot;}\">\n\t\t\t\t\t\t<div class=\"elementor-container elementor-column-gap-default\">\n\t\t\t\t\t<div class=\"elementor-column elementor-col-100 elementor-inner-column elementor-element elementor-element-23ea1e76\" data-id=\"23ea1e76\" data-element_type=\"column\" data-e-type=\"column\">\n\t\t\t<div class=\"elementor-widget-wrap elementor-element-populated\">\n\t\t\t\t\t\t<div class=\"elementor-element elementor-element-236eddc7 elementor-widget elementor-widget-heading\" data-id=\"236eddc7\" data-element_type=\"widget\" data-e-type=\"widget\" data-widget_type=\"heading.default\">\n\t\t\t\t<div class=\"elementor-widget-container\">\n\t\t\t\t\t<h2 class=\"elementor-heading-title elementor-size-default\">Des soins que vous pouvez voir<\/h2>\t\t\t\t<\/div>\n\t\t\t\t<\/div>\n\t\t\t\t<div class=\"elementor-element elementor-element-172e30a2 elementor-widget elementor-widget-text-editor\" data-id=\"172e30a2\" data-element_type=\"widget\" data-e-type=\"widget\" data-widget_type=\"text-editor.default\">\n\t\t\t\t<div class=\"elementor-widget-container\">\n\t\t\t\t\t\t\t\t\t<p><span style=\"font-weight: 400;\">Si vous souffrez d\u2019une pathologie r\u00e9tinienne ou si vous pr\u00e9sentez simplement des probl\u00e8mes de vue, notre \u00e9quipe d\u2019experts se fera un plaisir de vous venir en aide.<\/span><\/p>\n\t\t\t\t\t\t\t\t<\/div>\n\t\t\t\t<\/div>\n\t\t\t\t<div class=\"elementor-element elementor-element-3df45b0e elementor-align-center elementor-widget elementor-widget-button\" data-id=\"3df45b0e\" data-element_type=\"widget\" data-e-type=\"widget\" data-widget_type=\"button.default\">\n\t\t\t\t<div class=\"elementor-widget-container\">\n\t\t\t\t\t\t\t\t\t<div class=\"elementor-button-wrapper\">\n\t\t\t\t\t<a class=\"elementor-button elementor-button-link elementor-size-lg\" href=\"https:\/\/www.medret.ca\/\/fr\/prenez-rendez-vous\/\">\n\t\t\t\t\t\t<span class=\"elementor-button-content-wrapper\">\n\t\t\t\t\t\t\t\t\t<span class=\"elementor-button-text\">Prenez Rendez-vous<\/span>\n\t\t\t\t\t<\/span>\n\t\t\t\t\t<\/a>\n\t\t\t\t<\/div>\n\t\t\t\t\t\t\t\t<\/div>\n\t\t\t\t<\/div>\n\t\t\t\t\t<\/div>\n\t\t<\/div>\n\t\t\t\t\t<\/div>\n\t\t<\/section>\n\t\t\t\t\t<\/div>\n\t\t<\/div>\n\t\t\t\t\t<\/div>\n\t\t<\/section>\n\t\t\t\t<section class=\"elementor-section elementor-top-section elementor-element elementor-element-4549274f elementor-section-full_width elementor-section-height-default elementor-section-height-default\" data-id=\"4549274f\" data-element_type=\"section\" data-e-type=\"section\">\n\t\t\t\t\t\t<div class=\"elementor-container elementor-column-gap-default\">\n\t\t\t\t\t<div class=\"elementor-column elementor-col-100 elementor-top-column elementor-element elementor-element-2a824e79\" data-id=\"2a824e79\" data-element_type=\"column\" data-e-type=\"column\" data-settings=\"{&quot;background_background&quot;:&quot;classic&quot;}\">\n\t\t\t<div class=\"elementor-widget-wrap elementor-element-populated\">\n\t\t\t\t\t\t<div class=\"elementor-element elementor-element-4aa70c4e elementor-widget elementor-widget-image\" data-id=\"4aa70c4e\" data-element_type=\"widget\" data-e-type=\"widget\" data-widget_type=\"image.default\">\n\t\t\t\t<div class=\"elementor-widget-container\">\n\t\t\t\t\t\t\t\t\t\t\t\t\t\t\t<img fetchpriority=\"high\" decoding=\"async\" width=\"1200\" height=\"240\" src=\"https:\/\/www.medret.ca\/wp-content\/uploads\/2019\/09\/Institut-Re\u00cc\u0081tine-Me\u00cc\u0081dicale-logo-blanc.png\" class=\"attachment-full size-full wp-image-573\" alt=\"\" srcset=\"https:\/\/www.medret.ca\/wp-content\/uploads\/2019\/09\/Institut-Re\u00cc\u0081tine-Me\u00cc\u0081dicale-logo-blanc.png 1200w, https:\/\/www.medret.ca\/wp-content\/uploads\/2019\/09\/Institut-Re\u00cc\u0081tine-Me\u00cc\u0081dicale-logo-blanc-300x60.png 300w, https:\/\/www.medret.ca\/wp-content\/uploads\/2019\/09\/Institut-Re\u00cc\u0081tine-Me\u00cc\u0081dicale-logo-blanc-768x154.png 768w, https:\/\/www.medret.ca\/wp-content\/uploads\/2019\/09\/Institut-Re\u00cc\u0081tine-Me\u00cc\u0081dicale-logo-blanc-1024x205.png 1024w\" sizes=\"(max-width: 1200px) 100vw, 1200px\" \/>\t\t\t\t\t\t\t\t\t\t\t\t\t\t\t<\/div>\n\t\t\t\t<\/div>\n\t\t\t\t\t<\/div>\n\t\t<\/div>\n\t\t\t\t\t<\/div>\n\t\t<\/section>\n\t\t\t\t<\/div>\n\t\t","protected":false},"excerpt":{"rendered":"<p>Dr&nbsp;Amer Omar Ophtalmologue B.\u00a0Sc. M.\u00a0D.\u00a0&#8211;\u00a0certificat du Coll\u00e8ge des m\u00e9decins de famille du Canada (CCFP) et associ\u00e9 du Coll\u00e8ge royal des chirurgiens du Canada (FRCSC) Le Dr\u00a0Amer Omar est revenu \u00e0 Montr\u00e9al apr\u00e8s avoir exerc\u00e9 le m\u00e9tier d\u2019ophtalmologue-consultant au Moorfields Eye Hospital, un h\u00f4pital de renomm\u00e9e internationale situ\u00e9 au Royaume-Uni. Le Dr\u00a0Omar est un expert reconnu [&hellip;]<\/p>\n","protected":false},"author":6,"featured_media":0,"parent":0,"menu_order":0,"comment_status":"closed","ping_status":"closed","template":"","meta":{"site-sidebar-layout":"default","site-content-layout":"default","ast-site-content-layout":"default","site-content-style":"default","site-sidebar-style":"default","ast-global-header-display":"","ast-banner-title-visibility":"","ast-main-header-display":"","ast-hfb-above-header-display":"","ast-hfb-below-header-display":"","ast-hfb-mobile-header-display":"","site-post-title":"disabled","ast-breadcrumbs-content":"","ast-featured-img":"","footer-sml-layout":"","ast-disable-related-posts":"","theme-transparent-header-meta":"default","adv-header-id-meta":"","stick-header-meta":"default","header-above-stick-meta":"","header-main-stick-meta":"","header-below-stick-meta":"","astra-migrate-meta-layouts":"default","ast-page-background-enabled":"default","ast-page-background-meta":{"desktop":{"background-color":"","background-image":"","background-repeat":"repeat","background-position":"center center","background-size":"auto","background-attachment":"scroll","background-type":"","background-media":"","overlay-type":"","overlay-color":"","overlay-opacity":"","overlay-gradient":""},"tablet":{"background-color":"","background-image":"","background-repeat":"repeat","background-position":"center center","background-size":"auto","background-attachment":"scroll","background-type":"","background-media":"","overlay-type":"","overlay-color":"","overlay-opacity":"","overlay-gradient":""},"mobile":{"background-color":"","background-image":"","background-repeat":"repeat","background-position":"center center","background-size":"auto","background-attachment":"scroll","background-type":"","background-media":"","overlay-type":"","overlay-color":"","overlay-opacity":"","overlay-gradient":""}},"ast-content-background-meta":{"desktop":{"background-color":"var(--ast-global-color-5)","background-image":"","background-repeat":"repeat","background-position":"center center","background-size":"auto","background-attachment":"scroll","background-type":"","background-media":"","overlay-type":"","overlay-color":"","overlay-opacity":"","overlay-gradient":""},"tablet":{"background-color":"var(--ast-global-color-5)","background-image":"","background-repeat":"repeat","background-position":"center center","background-size":"auto","background-attachment":"scroll","background-type":"","background-media":"","overlay-type":"","overlay-color":"","overlay-opacity":"","overlay-gradient":""},"mobile":{"background-color":"var(--ast-global-color-5)","background-image":"","background-repeat":"repeat","background-position":"center center","background-size":"auto","background-attachment":"scroll","background-type":"","background-media":"","overlay-type":"","overlay-color":"","overlay-opacity":"","overlay-gradient":""}},"footnotes":""},"wf_page_folders":[32],"class_list":["post-988","page","type-page","status-publish","hentry"],"yoast_head":"<!-- This site is optimized with the Yoast SEO Premium plugin v27.4 (Yoast SEO v27.5) - https:\/\/yoast.com\/product\/yoast-seo-premium-wordpress\/ -->\n<title>Amer Omar - Medical Retina Institute of Montreal<\/title>\n<meta name=\"robots\" content=\"index, follow, max-snippet:-1, max-image-preview:large, max-video-preview:-1\" \/>\n<link rel=\"canonical\" href=\"https:\/\/www.medret.ca\/fr\/amer-omar\/\" \/>\n<meta property=\"og:locale\" content=\"fr_FR\" \/>\n<meta property=\"og:type\" content=\"article\" \/>\n<meta property=\"og:title\" content=\"Amer Omar\" \/>\n<meta property=\"og:description\" content=\"Dr&nbsp;Amer Omar Ophtalmologue B.\u00a0Sc. M.\u00a0D.\u00a0&#8211;\u00a0certificat du Coll\u00e8ge des m\u00e9decins de famille du Canada (CCFP) et associ\u00e9 du Coll\u00e8ge royal des chirurgiens du Canada (FRCSC) Le Dr\u00a0Amer Omar est revenu \u00e0 Montr\u00e9al apr\u00e8s avoir exerc\u00e9 le m\u00e9tier d\u2019ophtalmologue-consultant au Moorfields Eye Hospital, un h\u00f4pital de renomm\u00e9e internationale situ\u00e9 au Royaume-Uni. Le Dr\u00a0Omar est un expert reconnu [&hellip;]\" \/>\n<meta property=\"og:url\" content=\"https:\/\/www.medret.ca\/fr\/amer-omar\/\" \/>\n<meta property=\"og:site_name\" content=\"Medical Retina Institute of Montreal\" \/>\n<meta property=\"article:publisher\" content=\"https:\/\/www.facebook.com\/pages\/category\/Medical-Research-Center\/Institut-de-la-Rtine-Mdicale-Montral-1062986800571704\/\" \/>\n<meta property=\"article:modified_time\" content=\"2019-12-18T19:45:26+00:00\" \/>\n<meta property=\"og:image\" content=\"https:\/\/www.medret.ca\/wp-content\/uploads\/2019\/10\/amer-omar.jpg\" \/>\n<meta name=\"twitter:card\" content=\"summary_large_image\" \/>\n<meta name=\"twitter:site\" content=\"@medretpost\" \/>\n<meta name=\"twitter:label1\" content=\"Dur\u00e9e de lecture estim\u00e9e\" \/>\n\t<meta name=\"twitter:data1\" content=\"2 minutes\" \/>\n<script type=\"application\/ld+json\" class=\"yoast-schema-graph\">{\"@context\":\"https:\\\/\\\/schema.org\",\"@graph\":[{\"@type\":\"WebPage\",\"@id\":\"https:\\\/\\\/www.medret.ca\\\/fr\\\/amer-omar\\\/\",\"url\":\"https:\\\/\\\/www.medret.ca\\\/fr\\\/amer-omar\\\/\",\"name\":\"Amer Omar - Medical Retina Institute of Montreal\",\"isPartOf\":{\"@id\":\"https:\\\/\\\/www.medret.ca\\\/fr\\\/#website\"},\"primaryImageOfPage\":{\"@id\":\"https:\\\/\\\/www.medret.ca\\\/fr\\\/amer-omar\\\/#primaryimage\"},\"image\":{\"@id\":\"https:\\\/\\\/www.medret.ca\\\/fr\\\/amer-omar\\\/#primaryimage\"},\"thumbnailUrl\":\"https:\\\/\\\/www.medret.ca\\\/wp-content\\\/uploads\\\/2019\\\/10\\\/amer-omar.jpg\",\"datePublished\":\"2019-12-16T16:34:49+00:00\",\"dateModified\":\"2019-12-18T19:45:26+00:00\",\"breadcrumb\":{\"@id\":\"https:\\\/\\\/www.medret.ca\\\/fr\\\/amer-omar\\\/#breadcrumb\"},\"inLanguage\":\"fr-FR\",\"potentialAction\":[{\"@type\":\"ReadAction\",\"target\":[\"https:\\\/\\\/www.medret.ca\\\/fr\\\/amer-omar\\\/\"]}]},{\"@type\":\"ImageObject\",\"inLanguage\":\"fr-FR\",\"@id\":\"https:\\\/\\\/www.medret.ca\\\/fr\\\/amer-omar\\\/#primaryimage\",\"url\":\"https:\\\/\\\/www.medret.ca\\\/wp-content\\\/uploads\\\/2019\\\/10\\\/amer-omar.jpg\",\"contentUrl\":\"https:\\\/\\\/www.medret.ca\\\/wp-content\\\/uploads\\\/2019\\\/10\\\/amer-omar.jpg\"},{\"@type\":\"BreadcrumbList\",\"@id\":\"https:\\\/\\\/www.medret.ca\\\/fr\\\/amer-omar\\\/#breadcrumb\",\"itemListElement\":[{\"@type\":\"ListItem\",\"position\":1,\"name\":\"Home\",\"item\":\"https:\\\/\\\/www.medret.ca\\\/fr\\\/\"},{\"@type\":\"ListItem\",\"position\":2,\"name\":\"Amer Omar\"}]},{\"@type\":\"WebSite\",\"@id\":\"https:\\\/\\\/www.medret.ca\\\/fr\\\/#website\",\"url\":\"https:\\\/\\\/www.medret.ca\\\/fr\\\/\",\"name\":\"Medical Retina Institute of Montreal\",\"description\":\"\",\"publisher\":{\"@id\":\"https:\\\/\\\/www.medret.ca\\\/fr\\\/#organization\"},\"potentialAction\":[{\"@type\":\"SearchAction\",\"target\":{\"@type\":\"EntryPoint\",\"urlTemplate\":\"https:\\\/\\\/www.medret.ca\\\/fr\\\/?s={search_term_string}\"},\"query-input\":{\"@type\":\"PropertyValueSpecification\",\"valueRequired\":true,\"valueName\":\"search_term_string\"}}],\"inLanguage\":\"fr-FR\"},{\"@type\":\"Organization\",\"@id\":\"https:\\\/\\\/www.medret.ca\\\/fr\\\/#organization\",\"name\":\"Institut de la R\u00e9tine M\u00e9dicale de Montr\u00e9al\",\"url\":\"https:\\\/\\\/www.medret.ca\\\/fr\\\/\",\"logo\":{\"@type\":\"ImageObject\",\"inLanguage\":\"fr-FR\",\"@id\":\"https:\\\/\\\/www.medret.ca\\\/fr\\\/#\\\/schema\\\/logo\\\/image\\\/\",\"url\":\"https:\\\/\\\/www.medret.ca\\\/wp-content\\\/uploads\\\/2019\\\/09\\\/Institut-Re\u0301tine-Me\u0301dicale-logo-short.png\",\"contentUrl\":\"https:\\\/\\\/www.medret.ca\\\/wp-content\\\/uploads\\\/2019\\\/09\\\/Institut-Re\u0301tine-Me\u0301dicale-logo-short.png\",\"width\":1200,\"height\":247,\"caption\":\"Institut de la R\u00e9tine M\u00e9dicale de Montr\u00e9al\"},\"image\":{\"@id\":\"https:\\\/\\\/www.medret.ca\\\/fr\\\/#\\\/schema\\\/logo\\\/image\\\/\"},\"sameAs\":[\"https:\\\/\\\/www.facebook.com\\\/pages\\\/category\\\/Medical-Research-Center\\\/Institut-de-la-Rtine-Mdicale-Montral-1062986800571704\\\/\",\"https:\\\/\\\/x.com\\\/medretpost\",\"https:\\\/\\\/ca.linkedin.com\\\/company\\\/institut-de-la-retine-medicale-montreal\"]}]}<\/script>\n<!-- \/ Yoast SEO Premium plugin. -->","yoast_head_json":{"title":"Amer Omar - Medical Retina Institute of Montreal","robots":{"index":"index","follow":"follow","max-snippet":"max-snippet:-1","max-image-preview":"max-image-preview:large","max-video-preview":"max-video-preview:-1"},"canonical":"https:\/\/www.medret.ca\/fr\/amer-omar\/","og_locale":"fr_FR","og_type":"article","og_title":"Amer Omar","og_description":"Dr&nbsp;Amer Omar Ophtalmologue B.\u00a0Sc. M.\u00a0D.\u00a0&#8211;\u00a0certificat du Coll\u00e8ge des m\u00e9decins de famille du Canada (CCFP) et associ\u00e9 du Coll\u00e8ge royal des chirurgiens du Canada (FRCSC) Le Dr\u00a0Amer Omar est revenu \u00e0 Montr\u00e9al apr\u00e8s avoir exerc\u00e9 le m\u00e9tier d\u2019ophtalmologue-consultant au Moorfields Eye Hospital, un h\u00f4pital de renomm\u00e9e internationale situ\u00e9 au Royaume-Uni. Le Dr\u00a0Omar est un expert reconnu [&hellip;]","og_url":"https:\/\/www.medret.ca\/fr\/amer-omar\/","og_site_name":"Medical Retina Institute of Montreal","article_publisher":"https:\/\/www.facebook.com\/pages\/category\/Medical-Research-Center\/Institut-de-la-Rtine-Mdicale-Montral-1062986800571704\/","article_modified_time":"2019-12-18T19:45:26+00:00","og_image":[{"url":"https:\/\/www.medret.ca\/wp-content\/uploads\/2019\/10\/amer-omar.jpg","type":"","width":"","height":""}],"twitter_card":"summary_large_image","twitter_site":"@medretpost","twitter_misc":{"Dur\u00e9e de lecture estim\u00e9e":"2 minutes"},"schema":{"@context":"https:\/\/schema.org","@graph":[{"@type":"WebPage","@id":"https:\/\/www.medret.ca\/fr\/amer-omar\/","url":"https:\/\/www.medret.ca\/fr\/amer-omar\/","name":"Amer Omar - Medical Retina Institute of Montreal","isPartOf":{"@id":"https:\/\/www.medret.ca\/fr\/#website"},"primaryImageOfPage":{"@id":"https:\/\/www.medret.ca\/fr\/amer-omar\/#primaryimage"},"image":{"@id":"https:\/\/www.medret.ca\/fr\/amer-omar\/#primaryimage"},"thumbnailUrl":"https:\/\/www.medret.ca\/wp-content\/uploads\/2019\/10\/amer-omar.jpg","datePublished":"2019-12-16T16:34:49+00:00","dateModified":"2019-12-18T19:45:26+00:00","breadcrumb":{"@id":"https:\/\/www.medret.ca\/fr\/amer-omar\/#breadcrumb"},"inLanguage":"fr-FR","potentialAction":[{"@type":"ReadAction","target":["https:\/\/www.medret.ca\/fr\/amer-omar\/"]}]},{"@type":"ImageObject","inLanguage":"fr-FR","@id":"https:\/\/www.medret.ca\/fr\/amer-omar\/#primaryimage","url":"https:\/\/www.medret.ca\/wp-content\/uploads\/2019\/10\/amer-omar.jpg","contentUrl":"https:\/\/www.medret.ca\/wp-content\/uploads\/2019\/10\/amer-omar.jpg"},{"@type":"BreadcrumbList","@id":"https:\/\/www.medret.ca\/fr\/amer-omar\/#breadcrumb","itemListElement":[{"@type":"ListItem","position":1,"name":"Home","item":"https:\/\/www.medret.ca\/fr\/"},{"@type":"ListItem","position":2,"name":"Amer Omar"}]},{"@type":"WebSite","@id":"https:\/\/www.medret.ca\/fr\/#website","url":"https:\/\/www.medret.ca\/fr\/","name":"Medical Retina Institute of Montreal","description":"","publisher":{"@id":"https:\/\/www.medret.ca\/fr\/#organization"},"potentialAction":[{"@type":"SearchAction","target":{"@type":"EntryPoint","urlTemplate":"https:\/\/www.medret.ca\/fr\/?s={search_term_string}"},"query-input":{"@type":"PropertyValueSpecification","valueRequired":true,"valueName":"search_term_string"}}],"inLanguage":"fr-FR"},{"@type":"Organization","@id":"https:\/\/www.medret.ca\/fr\/#organization","name":"Institut de la R\u00e9tine M\u00e9dicale de Montr\u00e9al","url":"https:\/\/www.medret.ca\/fr\/","logo":{"@type":"ImageObject","inLanguage":"fr-FR","@id":"https:\/\/www.medret.ca\/fr\/#\/schema\/logo\/image\/","url":"https:\/\/www.medret.ca\/wp-content\/uploads\/2019\/09\/Institut-Re\u0301tine-Me\u0301dicale-logo-short.png","contentUrl":"https:\/\/www.medret.ca\/wp-content\/uploads\/2019\/09\/Institut-Re\u0301tine-Me\u0301dicale-logo-short.png","width":1200,"height":247,"caption":"Institut de la R\u00e9tine M\u00e9dicale de Montr\u00e9al"},"image":{"@id":"https:\/\/www.medret.ca\/fr\/#\/schema\/logo\/image\/"},"sameAs":["https:\/\/www.facebook.com\/pages\/category\/Medical-Research-Center\/Institut-de-la-Rtine-Mdicale-Montral-1062986800571704\/","https:\/\/x.com\/medretpost","https:\/\/ca.linkedin.com\/company\/institut-de-la-retine-medicale-montreal"]}]}},"_links":{"self":[{"href":"https:\/\/www.medret.ca\/fr\/wp-json\/wp\/v2\/pages\/988","targetHints":{"allow":["GET"]}}],"collection":[{"href":"https:\/\/www.medret.ca\/fr\/wp-json\/wp\/v2\/pages"}],"about":[{"href":"https:\/\/www.medret.ca\/fr\/wp-json\/wp\/v2\/types\/page"}],"author":[{"embeddable":true,"href":"https:\/\/www.medret.ca\/fr\/wp-json\/wp\/v2\/users\/6"}],"replies":[{"embeddable":true,"href":"https:\/\/www.medret.ca\/fr\/wp-json\/wp\/v2\/comments?post=988"}],"version-history":[{"count":0,"href":"https:\/\/www.medret.ca\/fr\/wp-json\/wp\/v2\/pages\/988\/revisions"}],"wp:attachment":[{"href":"https:\/\/www.medret.ca\/fr\/wp-json\/wp\/v2\/media?parent=988"}],"wp:term":[{"taxonomy":"wf_page_folders","embeddable":true,"href":"https:\/\/www.medret.ca\/fr\/wp-json\/wp\/v2\/wf_page_folders?post=988"}],"curies":[{"name":"wp","href":"https:\/\/api.w.org\/{rel}","templated":true}]}}