{"id":989,"date":"2019-12-16T12:35:03","date_gmt":"2019-12-16T16:35:03","guid":{"rendered":"http:\/\/medret.wpengine.com\/ramina-nissan\/"},"modified":"2021-07-21T13:23:42","modified_gmt":"2021-07-21T18:23:42","slug":"optometrist","status":"publish","type":"page","link":"https:\/\/www.medret.ca\/fr\/optometrist\/","title":{"rendered":"Optometrist"},"content":{"rendered":"\t\t<div data-elementor-type=\"wp-post\" data-elementor-id=\"989\" class=\"elementor elementor-989\" data-elementor-post-type=\"page\">\n\t\t\t\t\t\t<section class=\"elementor-section elementor-top-section elementor-element elementor-element-519ea0f7 elementor-section-content-middle elementor-section-stretched elementor-section-full_width section-first elementor-section-height-default elementor-section-height-default\" data-id=\"519ea0f7\" data-element_type=\"section\" data-e-type=\"section\" data-settings=\"{&quot;stretch_section&quot;:&quot;section-stretched&quot;}\">\n\t\t\t\t\t\t<div class=\"elementor-container elementor-column-gap-default\">\n\t\t\t\t\t<div class=\"elementor-column elementor-col-50 elementor-top-column elementor-element elementor-element-681ed420\" data-id=\"681ed420\" data-element_type=\"column\" data-e-type=\"column\">\n\t\t\t<div class=\"elementor-widget-wrap\">\n\t\t\t\t\t\t\t<\/div>\n\t\t<\/div>\n\t\t\t\t<div class=\"elementor-column elementor-col-50 elementor-top-column elementor-element elementor-element-4190bcb3\" data-id=\"4190bcb3\" data-element_type=\"column\" data-e-type=\"column\" data-settings=\"{&quot;background_background&quot;:&quot;classic&quot;}\">\n\t\t\t<div class=\"elementor-widget-wrap elementor-element-populated\">\n\t\t\t\t\t\t<section class=\"elementor-section elementor-inner-section elementor-element elementor-element-4076b86 elementor-section-boxed elementor-section-height-default elementor-section-height-default\" data-id=\"4076b86\" data-element_type=\"section\" data-e-type=\"section\">\n\t\t\t\t\t\t<div class=\"elementor-container elementor-column-gap-default\">\n\t\t\t\t\t<div class=\"elementor-column elementor-col-100 elementor-inner-column elementor-element elementor-element-d84733b\" data-id=\"d84733b\" data-element_type=\"column\" data-e-type=\"column\">\n\t\t\t<div class=\"elementor-widget-wrap elementor-element-populated\">\n\t\t\t\t\t\t\t<\/div>\n\t\t<\/div>\n\t\t\t\t\t<\/div>\n\t\t<\/section>\n\t\t\t\t\t<\/div>\n\t\t<\/div>\n\t\t\t\t\t<\/div>\n\t\t<\/section>\n\t\t\t\t<section class=\"elementor-section elementor-top-section elementor-element elementor-element-57dfc807 elementor-section-boxed elementor-section-height-default elementor-section-height-default\" data-id=\"57dfc807\" data-element_type=\"section\" data-e-type=\"section\" data-settings=\"{&quot;background_background&quot;:&quot;classic&quot;}\">\n\t\t\t\t\t\t<div class=\"elementor-container elementor-column-gap-default\">\n\t\t\t\t\t<div class=\"elementor-column elementor-col-100 elementor-top-column elementor-element elementor-element-66ea0b9f\" data-id=\"66ea0b9f\" data-element_type=\"column\" data-e-type=\"column\">\n\t\t\t<div class=\"elementor-widget-wrap elementor-element-populated\">\n\t\t\t\t\t\t<section class=\"elementor-section elementor-inner-section elementor-element elementor-element-7d904ea8 elementor-section-height-min-height elementor-section-content-middle elementor-section-boxed elementor-section-height-default\" data-id=\"7d904ea8\" data-element_type=\"section\" data-e-type=\"section\" data-settings=\"{&quot;background_background&quot;:&quot;classic&quot;}\">\n\t\t\t\t\t\t<div class=\"elementor-container elementor-column-gap-default\">\n\t\t\t\t\t<div class=\"elementor-column elementor-col-100 elementor-inner-column elementor-element elementor-element-a8ffd3d\" data-id=\"a8ffd3d\" data-element_type=\"column\" data-e-type=\"column\">\n\t\t\t<div class=\"elementor-widget-wrap elementor-element-populated\">\n\t\t\t\t\t\t<div class=\"elementor-element elementor-element-6e7807d1 elementor-widget elementor-widget-heading\" data-id=\"6e7807d1\" data-element_type=\"widget\" data-e-type=\"widget\" data-widget_type=\"heading.default\">\n\t\t\t\t<div class=\"elementor-widget-container\">\n\t\t\t\t\t<h2 class=\"elementor-heading-title elementor-size-default\">Des soins que vous pouvez voir<\/h2>\t\t\t\t<\/div>\n\t\t\t\t<\/div>\n\t\t\t\t<div class=\"elementor-element elementor-element-71994ce3 elementor-widget elementor-widget-text-editor\" data-id=\"71994ce3\" data-element_type=\"widget\" data-e-type=\"widget\" data-widget_type=\"text-editor.default\">\n\t\t\t\t<div class=\"elementor-widget-container\">\n\t\t\t\t\t\t\t\t\t<p><span style=\"font-weight: 400;\">Si vous souffrez d\u2019une pathologie r\u00e9tinienne ou si vous pr\u00e9sentez simplement des probl\u00e8mes de vue, notre \u00e9quipe d\u2019experts se fera un plaisir de vous venir en aide.<\/span><\/p>\n\t\t\t\t\t\t\t\t<\/div>\n\t\t\t\t<\/div>\n\t\t\t\t<div class=\"elementor-element elementor-element-5e4a0625 elementor-align-center elementor-widget elementor-widget-button\" data-id=\"5e4a0625\" data-element_type=\"widget\" data-e-type=\"widget\" data-widget_type=\"button.default\">\n\t\t\t\t<div class=\"elementor-widget-container\">\n\t\t\t\t\t\t\t\t\t<div class=\"elementor-button-wrapper\">\n\t\t\t\t\t<a class=\"elementor-button elementor-button-link elementor-size-lg\" href=\"https:\/\/www.medret.ca\/\/fr\/prenez-rendez-vous\/\">\n\t\t\t\t\t\t<span class=\"elementor-button-content-wrapper\">\n\t\t\t\t\t\t\t\t\t<span class=\"elementor-button-text\">Prenez Rendez-vous<\/span>\n\t\t\t\t\t<\/span>\n\t\t\t\t\t<\/a>\n\t\t\t\t<\/div>\n\t\t\t\t\t\t\t\t<\/div>\n\t\t\t\t<\/div>\n\t\t\t\t\t<\/div>\n\t\t<\/div>\n\t\t\t\t\t<\/div>\n\t\t<\/section>\n\t\t\t\t\t<\/div>\n\t\t<\/div>\n\t\t\t\t\t<\/div>\n\t\t<\/section>\n\t\t\t\t<section class=\"elementor-section elementor-top-section elementor-element elementor-element-4883ba96 elementor-section-full_width elementor-section-height-default elementor-section-height-default\" data-id=\"4883ba96\" data-element_type=\"section\" data-e-type=\"section\">\n\t\t\t\t\t\t<div class=\"elementor-container elementor-column-gap-default\">\n\t\t\t\t\t<div class=\"elementor-column elementor-col-100 elementor-top-column elementor-element elementor-element-70a2282d\" data-id=\"70a2282d\" data-element_type=\"column\" data-e-type=\"column\" data-settings=\"{&quot;background_background&quot;:&quot;classic&quot;}\">\n\t\t\t<div class=\"elementor-widget-wrap elementor-element-populated\">\n\t\t\t\t\t\t<div class=\"elementor-element elementor-element-f9f9240 elementor-widget elementor-widget-image\" data-id=\"f9f9240\" data-element_type=\"widget\" data-e-type=\"widget\" data-widget_type=\"image.default\">\n\t\t\t\t<div class=\"elementor-widget-container\">\n\t\t\t\t\t\t\t\t\t\t\t\t\t\t\t<img fetchpriority=\"high\" decoding=\"async\" width=\"1200\" height=\"240\" src=\"https:\/\/www.medret.ca\/wp-content\/uploads\/2019\/09\/Institut-Re\u00cc\u0081tine-Me\u00cc\u0081dicale-logo-blanc.png\" class=\"attachment-full size-full wp-image-573\" alt=\"\" srcset=\"https:\/\/www.medret.ca\/wp-content\/uploads\/2019\/09\/Institut-Re\u00cc\u0081tine-Me\u00cc\u0081dicale-logo-blanc.png 1200w, https:\/\/www.medret.ca\/wp-content\/uploads\/2019\/09\/Institut-Re\u00cc\u0081tine-Me\u00cc\u0081dicale-logo-blanc-300x60.png 300w, https:\/\/www.medret.ca\/wp-content\/uploads\/2019\/09\/Institut-Re\u00cc\u0081tine-Me\u00cc\u0081dicale-logo-blanc-768x154.png 768w, https:\/\/www.medret.ca\/wp-content\/uploads\/2019\/09\/Institut-Re\u00cc\u0081tine-Me\u00cc\u0081dicale-logo-blanc-1024x205.png 1024w\" sizes=\"(max-width: 1200px) 100vw, 1200px\" \/>\t\t\t\t\t\t\t\t\t\t\t\t\t\t\t<\/div>\n\t\t\t\t<\/div>\n\t\t\t\t\t<\/div>\n\t\t<\/div>\n\t\t\t\t\t<\/div>\n\t\t<\/section>\n\t\t\t\t<\/div>\n\t\t","protected":false},"excerpt":{"rendered":"<p>Des soins que vous pouvez voir Si vous souffrez d\u2019une pathologie r\u00e9tinienne ou si vous pr\u00e9sentez simplement des probl\u00e8mes de vue, notre \u00e9quipe d\u2019experts se fera un plaisir de vous venir en aide. Prenez Rendez-vous<\/p>\n","protected":false},"author":6,"featured_media":0,"parent":0,"menu_order":0,"comment_status":"closed","ping_status":"closed","template":"","meta":{"site-sidebar-layout":"default","site-content-layout":"default","ast-site-content-layout":"default","site-content-style":"default","site-sidebar-style":"default","ast-global-header-display":"","ast-banner-title-visibility":"","ast-main-header-display":"","ast-hfb-above-header-display":"","ast-hfb-below-header-display":"","ast-hfb-mobile-header-display":"","site-post-title":"disabled","ast-breadcrumbs-content":"","ast-featured-img":"","footer-sml-layout":"","ast-disable-related-posts":"","theme-transparent-header-meta":"default","adv-header-id-meta":"","stick-header-meta":"default","header-above-stick-meta":"","header-main-stick-meta":"","header-below-stick-meta":"","astra-migrate-meta-layouts":"default","ast-page-background-enabled":"default","ast-page-background-meta":{"desktop":{"background-color":"","background-image":"","background-repeat":"repeat","background-position":"center center","background-size":"auto","background-attachment":"scroll","background-type":"","background-media":"","overlay-type":"","overlay-color":"","overlay-opacity":"","overlay-gradient":""},"tablet":{"background-color":"","background-image":"","background-repeat":"repeat","background-position":"center center","background-size":"auto","background-attachment":"scroll","background-type":"","background-media":"","overlay-type":"","overlay-color":"","overlay-opacity":"","overlay-gradient":""},"mobile":{"background-color":"","background-image":"","background-repeat":"repeat","background-position":"center center","background-size":"auto","background-attachment":"scroll","background-type":"","background-media":"","overlay-type":"","overlay-color":"","overlay-opacity":"","overlay-gradient":""}},"ast-content-background-meta":{"desktop":{"background-color":"var(--ast-global-color-5)","background-image":"","background-repeat":"repeat","background-position":"center center","background-size":"auto","background-attachment":"scroll","background-type":"","background-media":"","overlay-type":"","overlay-color":"","overlay-opacity":"","overlay-gradient":""},"tablet":{"background-color":"var(--ast-global-color-5)","background-image":"","background-repeat":"repeat","background-position":"center center","background-size":"auto","background-attachment":"scroll","background-type":"","background-media":"","overlay-type":"","overlay-color":"","overlay-opacity":"","overlay-gradient":""},"mobile":{"background-color":"var(--ast-global-color-5)","background-image":"","background-repeat":"repeat","background-position":"center center","background-size":"auto","background-attachment":"scroll","background-type":"","background-media":"","overlay-type":"","overlay-color":"","overlay-opacity":"","overlay-gradient":""}},"footnotes":""},"wf_page_folders":[32],"class_list":["post-989","page","type-page","status-publish","hentry"],"yoast_head":"<!-- This site is optimized with the Yoast SEO Premium plugin v27.4 (Yoast SEO v27.5) - https:\/\/yoast.com\/product\/yoast-seo-premium-wordpress\/ -->\n<title>Optometrist - Medical Retina Institute of Montreal<\/title>\n<meta name=\"robots\" content=\"index, follow, max-snippet:-1, max-image-preview:large, max-video-preview:-1\" \/>\n<link rel=\"canonical\" href=\"https:\/\/www.medret.ca\/fr\/optometrist\/\" \/>\n<meta property=\"og:locale\" content=\"fr_FR\" \/>\n<meta property=\"og:type\" content=\"article\" \/>\n<meta property=\"og:title\" content=\"Optometrist\" \/>\n<meta property=\"og:description\" content=\"Des soins que vous pouvez voir Si vous souffrez d\u2019une pathologie r\u00e9tinienne ou si vous pr\u00e9sentez simplement des probl\u00e8mes de vue, notre \u00e9quipe d\u2019experts se fera un plaisir de vous venir en aide. Prenez Rendez-vous\" \/>\n<meta property=\"og:url\" content=\"https:\/\/www.medret.ca\/fr\/optometrist\/\" \/>\n<meta property=\"og:site_name\" content=\"Medical Retina Institute of Montreal\" \/>\n<meta property=\"article:publisher\" content=\"https:\/\/www.facebook.com\/pages\/category\/Medical-Research-Center\/Institut-de-la-Rtine-Mdicale-Montral-1062986800571704\/\" \/>\n<meta property=\"article:modified_time\" content=\"2021-07-21T18:23:42+00:00\" \/>\n<meta name=\"twitter:card\" content=\"summary_large_image\" \/>\n<meta name=\"twitter:site\" content=\"@medretpost\" \/>\n<meta name=\"twitter:label1\" content=\"Dur\u00e9e de lecture estim\u00e9e\" \/>\n\t<meta name=\"twitter:data1\" content=\"1 minute\" \/>\n<script type=\"application\/ld+json\" class=\"yoast-schema-graph\">{\"@context\":\"https:\\\/\\\/schema.org\",\"@graph\":[{\"@type\":\"WebPage\",\"@id\":\"https:\\\/\\\/www.medret.ca\\\/fr\\\/optometrist\\\/\",\"url\":\"https:\\\/\\\/www.medret.ca\\\/fr\\\/optometrist\\\/\",\"name\":\"Optometrist - Medical Retina Institute of Montreal\",\"isPartOf\":{\"@id\":\"https:\\\/\\\/www.medret.ca\\\/fr\\\/#website\"},\"datePublished\":\"2019-12-16T16:35:03+00:00\",\"dateModified\":\"2021-07-21T18:23:42+00:00\",\"breadcrumb\":{\"@id\":\"https:\\\/\\\/www.medret.ca\\\/fr\\\/optometrist\\\/#breadcrumb\"},\"inLanguage\":\"fr-FR\",\"potentialAction\":[{\"@type\":\"ReadAction\",\"target\":[\"https:\\\/\\\/www.medret.ca\\\/fr\\\/optometrist\\\/\"]}]},{\"@type\":\"BreadcrumbList\",\"@id\":\"https:\\\/\\\/www.medret.ca\\\/fr\\\/optometrist\\\/#breadcrumb\",\"itemListElement\":[{\"@type\":\"ListItem\",\"position\":1,\"name\":\"Home\",\"item\":\"https:\\\/\\\/www.medret.ca\\\/fr\\\/\"},{\"@type\":\"ListItem\",\"position\":2,\"name\":\"Optometrist\"}]},{\"@type\":\"WebSite\",\"@id\":\"https:\\\/\\\/www.medret.ca\\\/fr\\\/#website\",\"url\":\"https:\\\/\\\/www.medret.ca\\\/fr\\\/\",\"name\":\"Medical Retina Institute of Montreal\",\"description\":\"\",\"publisher\":{\"@id\":\"https:\\\/\\\/www.medret.ca\\\/fr\\\/#organization\"},\"potentialAction\":[{\"@type\":\"SearchAction\",\"target\":{\"@type\":\"EntryPoint\",\"urlTemplate\":\"https:\\\/\\\/www.medret.ca\\\/fr\\\/?s={search_term_string}\"},\"query-input\":{\"@type\":\"PropertyValueSpecification\",\"valueRequired\":true,\"valueName\":\"search_term_string\"}}],\"inLanguage\":\"fr-FR\"},{\"@type\":\"Organization\",\"@id\":\"https:\\\/\\\/www.medret.ca\\\/fr\\\/#organization\",\"name\":\"Institut de la R\u00e9tine M\u00e9dicale de Montr\u00e9al\",\"url\":\"https:\\\/\\\/www.medret.ca\\\/fr\\\/\",\"logo\":{\"@type\":\"ImageObject\",\"inLanguage\":\"fr-FR\",\"@id\":\"https:\\\/\\\/www.medret.ca\\\/fr\\\/#\\\/schema\\\/logo\\\/image\\\/\",\"url\":\"https:\\\/\\\/www.medret.ca\\\/wp-content\\\/uploads\\\/2019\\\/09\\\/Institut-Re\u0301tine-Me\u0301dicale-logo-short.png\",\"contentUrl\":\"https:\\\/\\\/www.medret.ca\\\/wp-content\\\/uploads\\\/2019\\\/09\\\/Institut-Re\u0301tine-Me\u0301dicale-logo-short.png\",\"width\":1200,\"height\":247,\"caption\":\"Institut de la R\u00e9tine M\u00e9dicale de Montr\u00e9al\"},\"image\":{\"@id\":\"https:\\\/\\\/www.medret.ca\\\/fr\\\/#\\\/schema\\\/logo\\\/image\\\/\"},\"sameAs\":[\"https:\\\/\\\/www.facebook.com\\\/pages\\\/category\\\/Medical-Research-Center\\\/Institut-de-la-Rtine-Mdicale-Montral-1062986800571704\\\/\",\"https:\\\/\\\/x.com\\\/medretpost\",\"https:\\\/\\\/ca.linkedin.com\\\/company\\\/institut-de-la-retine-medicale-montreal\"]}]}<\/script>\n<!-- \/ Yoast SEO Premium plugin. -->","yoast_head_json":{"title":"Optometrist - Medical Retina Institute of Montreal","robots":{"index":"index","follow":"follow","max-snippet":"max-snippet:-1","max-image-preview":"max-image-preview:large","max-video-preview":"max-video-preview:-1"},"canonical":"https:\/\/www.medret.ca\/fr\/optometrist\/","og_locale":"fr_FR","og_type":"article","og_title":"Optometrist","og_description":"Des soins que vous pouvez voir Si vous souffrez d\u2019une pathologie r\u00e9tinienne ou si vous pr\u00e9sentez simplement des probl\u00e8mes de vue, notre \u00e9quipe d\u2019experts se fera un plaisir de vous venir en aide. Prenez Rendez-vous","og_url":"https:\/\/www.medret.ca\/fr\/optometrist\/","og_site_name":"Medical Retina Institute of Montreal","article_publisher":"https:\/\/www.facebook.com\/pages\/category\/Medical-Research-Center\/Institut-de-la-Rtine-Mdicale-Montral-1062986800571704\/","article_modified_time":"2021-07-21T18:23:42+00:00","twitter_card":"summary_large_image","twitter_site":"@medretpost","twitter_misc":{"Dur\u00e9e de lecture estim\u00e9e":"1 minute"},"schema":{"@context":"https:\/\/schema.org","@graph":[{"@type":"WebPage","@id":"https:\/\/www.medret.ca\/fr\/optometrist\/","url":"https:\/\/www.medret.ca\/fr\/optometrist\/","name":"Optometrist - Medical Retina Institute of Montreal","isPartOf":{"@id":"https:\/\/www.medret.ca\/fr\/#website"},"datePublished":"2019-12-16T16:35:03+00:00","dateModified":"2021-07-21T18:23:42+00:00","breadcrumb":{"@id":"https:\/\/www.medret.ca\/fr\/optometrist\/#breadcrumb"},"inLanguage":"fr-FR","potentialAction":[{"@type":"ReadAction","target":["https:\/\/www.medret.ca\/fr\/optometrist\/"]}]},{"@type":"BreadcrumbList","@id":"https:\/\/www.medret.ca\/fr\/optometrist\/#breadcrumb","itemListElement":[{"@type":"ListItem","position":1,"name":"Home","item":"https:\/\/www.medret.ca\/fr\/"},{"@type":"ListItem","position":2,"name":"Optometrist"}]},{"@type":"WebSite","@id":"https:\/\/www.medret.ca\/fr\/#website","url":"https:\/\/www.medret.ca\/fr\/","name":"Medical Retina Institute of Montreal","description":"","publisher":{"@id":"https:\/\/www.medret.ca\/fr\/#organization"},"potentialAction":[{"@type":"SearchAction","target":{"@type":"EntryPoint","urlTemplate":"https:\/\/www.medret.ca\/fr\/?s={search_term_string}"},"query-input":{"@type":"PropertyValueSpecification","valueRequired":true,"valueName":"search_term_string"}}],"inLanguage":"fr-FR"},{"@type":"Organization","@id":"https:\/\/www.medret.ca\/fr\/#organization","name":"Institut de la R\u00e9tine M\u00e9dicale de Montr\u00e9al","url":"https:\/\/www.medret.ca\/fr\/","logo":{"@type":"ImageObject","inLanguage":"fr-FR","@id":"https:\/\/www.medret.ca\/fr\/#\/schema\/logo\/image\/","url":"https:\/\/www.medret.ca\/wp-content\/uploads\/2019\/09\/Institut-Re\u0301tine-Me\u0301dicale-logo-short.png","contentUrl":"https:\/\/www.medret.ca\/wp-content\/uploads\/2019\/09\/Institut-Re\u0301tine-Me\u0301dicale-logo-short.png","width":1200,"height":247,"caption":"Institut de la R\u00e9tine M\u00e9dicale de Montr\u00e9al"},"image":{"@id":"https:\/\/www.medret.ca\/fr\/#\/schema\/logo\/image\/"},"sameAs":["https:\/\/www.facebook.com\/pages\/category\/Medical-Research-Center\/Institut-de-la-Rtine-Mdicale-Montral-1062986800571704\/","https:\/\/x.com\/medretpost","https:\/\/ca.linkedin.com\/company\/institut-de-la-retine-medicale-montreal"]}]}},"_links":{"self":[{"href":"https:\/\/www.medret.ca\/fr\/wp-json\/wp\/v2\/pages\/989","targetHints":{"allow":["GET"]}}],"collection":[{"href":"https:\/\/www.medret.ca\/fr\/wp-json\/wp\/v2\/pages"}],"about":[{"href":"https:\/\/www.medret.ca\/fr\/wp-json\/wp\/v2\/types\/page"}],"author":[{"embeddable":true,"href":"https:\/\/www.medret.ca\/fr\/wp-json\/wp\/v2\/users\/6"}],"replies":[{"embeddable":true,"href":"https:\/\/www.medret.ca\/fr\/wp-json\/wp\/v2\/comments?post=989"}],"version-history":[{"count":0,"href":"https:\/\/www.medret.ca\/fr\/wp-json\/wp\/v2\/pages\/989\/revisions"}],"wp:attachment":[{"href":"https:\/\/www.medret.ca\/fr\/wp-json\/wp\/v2\/media?parent=989"}],"wp:term":[{"taxonomy":"wf_page_folders","embeddable":true,"href":"https:\/\/www.medret.ca\/fr\/wp-json\/wp\/v2\/wf_page_folders?post=989"}],"curies":[{"name":"wp","href":"https:\/\/api.w.org\/{rel}","templated":true}]}}